{"id":2,"date":"2013-11-21T13:20:10","date_gmt":"2013-11-21T13:20:10","guid":{"rendered":"http:\/\/www.worldgrafx-music.de\/?page_id=2"},"modified":"2025-08-12T16:25:55","modified_gmt":"2025-08-12T14:25:55","slug":"beispiel-seite","status":"publish","type":"page","link":"https:\/\/www.tws-kahr.at\/","title":{"rendered":"Home"},"content":{"rendered":"[spb_text_block pb_margin_bottom=&#8220;no&#8220; pb_border_bottom=&#8220;no&#8220; width=&#8220;1\/1&#8243; el_position=&#8220;first last&#8220;]\n[boxed_content title=&#8220;Tradition trifft Innovation&#8220; type=&#8220;coloured&#8220; custom_bg_colour=&#8220;#e58d09&#8243; custom_text_colour=&#8220;#ffffff&#8220; pb_margin_bottom=&#8220;no&#8220; width=&#8220;1\/1&#8243; el_position=&#8220;first last&#8220;]\nSteirisches HANDWERK vom Tischler, ausgezeichnet mit dem Hobel. Mehr Lebensqualit\u00e4t und die Liebe zum heimischen Holz: seit 50 Jahren setzt unser Traditionsunternehmen auf M\u00f6belst\u00fccke von echtem Wert.<br \/>\n[\/boxed_content]\n[blank_spacer height=&#8220;30px&#8220; width=&#8220;1\/1&#8243; el_position=&#8220;first last&#8220;]\n[spb_text_block title=&#8220;News&#8220; pb_margin_bottom=&#8220;no&#8220; pb_border_bottom=&#8220;no&#8220; width=&#8220;1\/1&#8243; el_position=&#8220;first last&#8220;]\n[\/spb_text_block] [posts_carousel item_count=&#8220;4&#8243; category=&#8220;All&#8220; offset=&#8220;0&#8243; posts_order=&#8220;desc&#8220; show_title=&#8220;yes&#8220; show_excerpt=&#8220;yes&#8220; show_details=&#8220;yes&#8220; excerpt_length=&#8220;20&#8243; width=&#8220;1\/1&#8243; el_position=&#8220;first last&#8220;]\n","protected":false},"excerpt":{"rendered":"<p>[spb_text_block pb_margin_bottom=&#8220;no&#8220; pb_border_bottom=&#8220;no&#8220; width=&#8220;1\/1&#8243; el_position=&#8220;first last&#8220;] [boxed_content title=&#8220;Tradition trifft Innovation&#8220; type=&#8220;coloured&#8220; custom_bg_colour=&#8220;#e58d09&#8243; custom_text_colour=&#8220;#ffffff&#8220; pb_margin_bottom=&#8220;no&#8220; width=&#8220;1\/1&#8243; el_position=&#8220;first last&#8220;] Steirisches HANDWERK vom Tischler, ausgezeichnet mit dem Hobel. Mehr Lebensqualit\u00e4t und die Liebe zum heimischen Holz: seit 50 Jahren setzt unser Traditionsunternehmen auf M\u00f6belst\u00fccke von echtem Wert. [\/boxed_content] [blank_spacer height=&#8220;30px&#8220; width=&#8220;1\/1&#8243; el_position=&#8220;first last&#8220;] [spb_text_block title=&#8220;News&#8220; pb_margin_bottom=&#8220;no&#8220; pb_border_bottom=&#8220;no&#8220; width=&#8220;1\/1&#8243; el_position=&#8220;first last&#8220;] [\/spb_text_block] [posts_carousel item_count=&#8220;4&#8243; [&hellip;]<\/p>\n","protected":false},"author":1,"featured_media":0,"parent":0,"menu_order":2,"comment_status":"closed","ping_status":"closed","template":"","meta":{"footnotes":""},"class_list":["post-2","page","type-page","status-publish","hentry"],"_links":{"self":[{"href":"https:\/\/www.tws-kahr.at\/index.php?rest_route=\/wp\/v2\/pages\/2","targetHints":{"allow":["GET"]}}],"collection":[{"href":"https:\/\/www.tws-kahr.at\/index.php?rest_route=\/wp\/v2\/pages"}],"about":[{"href":"https:\/\/www.tws-kahr.at\/index.php?rest_route=\/wp\/v2\/types\/page"}],"author":[{"embeddable":true,"href":"https:\/\/www.tws-kahr.at\/index.php?rest_route=\/wp\/v2\/users\/1"}],"replies":[{"embeddable":true,"href":"https:\/\/www.tws-kahr.at\/index.php?rest_route=%2Fwp%2Fv2%2Fcomments&post=2"}],"version-history":[{"count":38,"href":"https:\/\/www.tws-kahr.at\/index.php?rest_route=\/wp\/v2\/pages\/2\/revisions"}],"predecessor-version":[{"id":906,"href":"https:\/\/www.tws-kahr.at\/index.php?rest_route=\/wp\/v2\/pages\/2\/revisions\/906"}],"wp:attachment":[{"href":"https:\/\/www.tws-kahr.at\/index.php?rest_route=%2Fwp%2Fv2%2Fmedia&parent=2"}],"curies":[{"name":"wp","href":"https:\/\/api.w.org\/{rel}","templated":true}]}}