{"id":26,"date":"2013-11-25T11:04:13","date_gmt":"2013-11-25T09:04:13","guid":{"rendered":"http:\/\/www.worldgrafx-music.de\/?page_id=26"},"modified":"2022-06-23T11:47:07","modified_gmt":"2022-06-23T09:47:07","slug":"gallerie","status":"publish","type":"page","link":"https:\/\/www.tws-kahr.at\/?page_id=26","title":{"rendered":"Referenzliste"},"content":{"rendered":"<h3 class=\"spb-heading\">Gastronomie<\/h3>\n<p>Gasthaus Bauernwirt, Semriach<br \/>\nGasthaus J\u00e4gerwirt, Semriach<br \/>\nGasthaus Papstwirt, Semriach<br \/>\nBadcaf\u00e9, Semriach<br \/>\nLandcaf\u00e9 Martinelli, Semriach<br \/>\nGasthaus H\u00e4userl im Wald, Semriach<br \/>\nFerien- und Seminarhotel Semriacherhof, Sylvia Loidolt, Semriach<br \/>\nFlann O&#8217;Brien Original Irish Pub, Graz<br \/>\nPension Sch\u00f6cklblick, Fam. Trattner, Semriach<br \/>\nWeingut Weber, St. Stefan ob Stainz<br \/>\nTurners Caf\u00e9, Stattegg<\/p>\n<h3 class=\"spb-heading\">\u00d6ffentliche Geb\u00e4ude, B\u00fcro &amp; Business<\/h3>\n<p>Friseur Fuchs, Inh. Birgit Piber, Semriach<br \/>\nSchaffler Installationen GesmbH, Frohnleiten<br \/>\nGalerie Zimmermann-Kratochwill GmbH, Graz<br \/>\nFa. graficom Helga Wiedenhofer, Turnau<br \/>\nReiseCenterMur, Gruber Touristik GmbH, Murgasse, Graz<br \/>\nTechnopark Raaba GmbH, Wohnanlage Markt-Semriach<br \/>\nJK Liegenschaftsverwaltung GmbH, B\u00fcrogeb\u00e4ude K\u00f6tz-Haus, Hengsberg<br \/>\nElektro Piber, Semriach<br \/>\nFotostudio Fischer, Graz<br \/>\nMarktgemeindeamt Semriach<br \/>\nBlumen Boutique P\u00fcrstner KG, Kaindorf an der Sulm<br \/>\nD.I.S. Geb\u00e4udereinigung GmbH, Kainbach bei Graz<br \/>\nbergwerk Architekten ZT GmbH, Graz<\/p>\n<h3 class=\"spb-heading\">Vereine<\/h3>\n<p>Wirtschaftsbund Steiermark, Landesleitung<br \/>\nK.\u00d6.St.V. Babenberg, Graz<br \/>\nSportst\u00e4tte Stattegg<br \/>\nproHolz Steiermark, Verband der steirischen Forst- und Holzwirtschaft<\/p>\n<h3 class=\"spb-heading\">Caf\u00e9 Konditorei B\u00e4ckerei im Auftrag der Fa. Aichinger GmbH:<\/h3>\n<p>B\u00e4ckerei Franz Jechart, Filiale Edelschrott<br \/>\nCaf\u00e9-Konditorei-B\u00e4ckerei Brunner, Filiale Hochstadl<br \/>\nCaf\u00e9-Konditorei-B\u00e4ckerei Karl Freydl, Filiale Stainz<br \/>\nB\u00e4ckerei und Konditorei Johann GmbH, Lannach<br \/>\nCaf\u00e9-Konditorei-B\u00e4ckerei Egger, Oberdrauburg<br \/>\nB\u00e4ckerei Felber GesmbH &amp; Co KG, M\u00fcrzzuschlag<br \/>\nB\u00e4ckerei-Caf\u00e9-Konditorei H\u00fctter OG, Feldbach<br \/>\nB\u00e4ckerei Georg Lehr, Kirchberg an der Raab<br \/>\nB\u00e4ckerei Werner Gruber, Lienz<br \/>\nB\u00e4ckerei Hermann Radl, Hartberg<br \/>\nB\u00e4ckerei und Caf\u00e9 Masser, St. Johann im Saggautal<br \/>\nB\u00e4ckerei J. Fuchs GesmbH, Schirmitzb\u00fchel<br \/>\nB\u00e4ckerei Caf\u00e9 Agram, Bratislava<br \/>\nB\u00e4ckerei Birchbauer GmbH &amp; Co KG, F\u00fcrstenfeld<br \/>\nB\u00e4ckerei Franz Katzj\u00e4ger, Eibiswald<br \/>\nFleischerei Karlo, Pamhagen<br \/>\nB\u00e4ckerei Aranycip\u00f3, Budapest<br \/>\nK\u00f6flacher Knusperstube, Inh. Angela J\u00f6bstl, K\u00f6flach<br \/>\nB\u00e4ckerei Knusperstube GmbH, Inh. Edwin Storfer, St. Stefan\/Lavanttal<br \/>\nSteffl-B\u00e4ck, Sebastian Knapp, Schladming<br \/>\nHanschur Ingolf, Villach<br \/>\nSailer OG, Kulmland B\u00e4cker, Florian und Anna Sailer, Pischelsdorf<br \/>\nOtto Koll GmbH, Die gute Backstube, Kirchschlag<br \/>\nB\u00e4ckerei Caf\u00e9 Karl Schlief GesmbH, Fil. Altes Postamt, Wimpassing<br \/>\nB\u00e4ckerei Hans Moritz, Fil. Tr\u00f6polach<br \/>\nF\u00fcrgast Betriebsgastronomie, Hamdi El Manchie e.U., MED Campus Graz<br \/>\nB\u00e4ckerei-Caf\u00e9-Lebensmittel Herwig Dorfstetter, M\u00f6nichkirchen<br \/>\nReichl Brot GmbH, Neuhofen<br \/>\nB\u00e4ckerei-Caf\u00e9-Konditorei Karl Riederich GmbH, Filiale Seestadt Aspern<br \/>\nDie Tortenkomponisten, Manuel\u00a0Mauerhofer, S\u00f6ding<br \/>\nB\u00e4ckerei Otto Koll GmbH, Kirchschlag<br \/>\nSchokoladenwelt Hans Pichler, Sillian<br \/>\nB\u00e4ckerei Heinz Lasser GmbH, Schladming<br \/>\nSimon Klasnic, Caf\u00e9 Frohsinn, Graz<br \/>\nB\u00e4ckerei Christian Kern GmbH, Fil. FMZ Hartberg<\/p>\n<p><em><strong>B\u00e4ckerei Franz Pfleger KG<\/strong><\/em><br \/>\nHauptstandort Hauptplatz Semriach<br \/>\nFiliale Gratkorn<\/p>\n<p><em><strong>B\u00e4ckerei Steiner GmbH<\/strong><\/em><br \/>\nHauptstandort Unterpremst\u00e4tten<br \/>\nFiliale Raaba<br \/>\nFiliale Thondorf<br \/>\nFiliale Kalsdorf<br \/>\nFiliale Fernitz<br \/>\nFiliale Hausmannst\u00e4tten<\/p>\n<p><em><strong>B\u00e4ckerei Julius Kern GesmbH<\/strong><\/em><br \/>\nHauptstandort Mariatroster Stra\u00dfe<br \/>\nFiliale St.-Veiter-Stra\u00dfe<br \/>\nFiliale Grazerstra\u00dfe<br \/>\nFiliale Rechbauerstra\u00dfe<br \/>\nFiliale Gratwein<br \/>\nFiliale Caf\u00e9 Medico, LKH Graz<br \/>\nFiliale FMZ Graz-Nord<br \/>\nFiliale Technopark Raaba<\/p>\n<p><em><strong>B\u00e4ckerei Ertl GmbH<\/strong><\/em><br \/>\nFiliale Merkendorf<br \/>\nFiliale Gniebing<br \/>\nFiliale MEZ Bad Gleichenberg<br \/>\nFiliale Studenzen<\/p>\n<p><em><strong>B\u00e4ckerei Konditorei Madenberger KG<\/strong><\/em><br \/>\nHauptstandort Zeltweg<br \/>\nEKZ Arena Fohnsdorf<br \/>\nHerrengasse Knittelfeld<\/p>\n<p><em><strong>B\u00e4ckerei Josef Zirngast, St. Georgen an der Stiefing<\/strong><\/em><br \/>\nHauptstandort St. Georgen<br \/>\nFiliale Lebring<\/p>\n<p><em><strong>B\u00e4ckerei Hager GesmbH, St. P\u00f6lten<\/strong><\/em><br \/>\nSchwaighofcenter<br \/>\nFiliale Rathausgasse<br \/>\nFiliale Tuln<br \/>\nFiliale Wilhelmsburg<br \/>\nFiliale Obergrafendorfer Stra\u00dfe<br \/>\nFiliale EKZ Traisenpark<br \/>\nFiliale Wienerstra\u00dfe<br \/>\nFiliale B\u00f6heimkirchen<br \/>\nHauptstandort M\u00fchlweg<\/p>\n<p><em><strong>B\u00e4ckerei Presta d.o.o., Slowenien<\/strong><\/em><br \/>\nFiliale Cesta Lole Ribarja<br \/>\nFiliale Saleska cesta<\/p>\n<p><em><strong>B\u00e4ckerei Klasje Celje, d.d., Slowenien<\/strong><\/em><br \/>\nFiliale Presernova Ulica, Celje<br \/>\nFiliale Ljubljana<\/p>\n<p><em><strong>B\u00e4ckerei &amp; Konditorei Wachmann M\u00fchle GmbH<\/strong><\/em><br \/>\nHauptstandort Weiz<br \/>\nFiliale Hirnsdorf<\/p>\n<p><em><strong>Schirnhofer GesmbH<\/strong><\/em><br \/>\nShopping City, Seiersberg<br \/>\nLugner City, 1150 Wien<\/p>\n<p><em><strong>Backhaus Hubert Auer Betriebsges.m.b.H.<\/strong><\/em><br \/>\nFiliale Grabenstra\u00dfe, Graz<br \/>\nFiliale Murgasse<br \/>\nFiliale Mariatrost, Graz<br \/>\nFiliale Schillerstra\u00dfe, Graz<br \/>\nFiliale Zinsendorfgasse, Graz<br \/>\nFiliale Friedrichgasse, Steierm\u00e4rkische Gebietskrankenkasse<br \/>\nFiliale Citypark, Graz<br \/>\nFiliale Ostbahnhof, Graz<br \/>\nFiliale Geidorfplatz, Graz<br \/>\nFiliale Mariahilferplatz, Graz<br \/>\nFiliale Leibnitz<br \/>\nFiliale Shopping City, Seiersberg<br \/>\nFiliale Hauptplatz Leoben<br \/>\nFiliale Shopping City, Leoben<br \/>\nFiliale Bruck\/Mur<\/p>\n<p><em><strong>B\u00e4ckerei Zeppitz Handelsgesellschaft m.b.H.<\/strong><\/em><br \/>\nFiliale St. Veiterstra\u00dfe, Klagenfurt<br \/>\nFiliale Fischlstra\u00dfe, Klagenfurt<br \/>\nFiliale Benediktinerplatz, Klagenfurt<br \/>\nFiliale Waidmannsdorf EKZ, Klagenfurt<br \/>\nFiliale Bauhaus Villach<br \/>\nFiliale V\u00f6lkermarkt<br \/>\nFiliale Zentrum Nord<\/p>\n<p><em><strong>B\u00e4ckerei Rudolf GmbH<\/strong><\/em><br \/>\nFiliale Pinggau<br \/>\nFiliale Vorrau<\/p>\n<h3 class=\"spb-heading\">Fleischerei im Auftrag der Fa. Aichinger GmbH:<\/h3>\n<p>Fleischerei Karlo, Pamhagen<br \/>\nFleischerei Sorger Wurst- und Schinkenspezialit\u00e4ten GmbH, Frauental an der La\u00dfnitz<br \/>\nFleischerei Schader GmbH, Tamsweg<br \/>\nFleischerei Fruhmann GmbH, Wernberg<br \/>\nFleischerei Oswald M\u00fchlst\u00e4tter GmbH, Matrei in Osttirol<br \/>\nFleischerei Rinner, Seiersberg<br \/>\nFleischerei Rinner, Marktstand Kaiser-Josef-Platz Graz<br \/>\nFleischerei Mosshammer, Graz<br \/>\nFleischerei Pierer, Passail<\/p>\n","protected":false},"excerpt":{"rendered":"<p>Gastronomie Gasthaus Bauernwirt, Semriach Gasthaus J\u00e4gerwirt, Semriach Gasthaus Papstwirt, Semriach Badcaf\u00e9, Semriach Landcaf\u00e9 Martinelli, Semriach Gasthaus H\u00e4userl im Wald, Semriach Ferien- und Seminarhotel Semriacherhof, Sylvia Loidolt, Semriach Flann O&#8217;Brien Original Irish Pub, Graz Pension Sch\u00f6cklblick, Fam. Trattner, Semriach Weingut Weber, St. Stefan ob Stainz Turners Caf\u00e9, Stattegg \u00d6ffentliche Geb\u00e4ude, B\u00fcro &amp; Business Friseur Fuchs, Inh. Birgit Piber, Semriach Schaffler Installationen [&hellip;]<\/p>\n","protected":false},"author":1,"featured_media":0,"parent":51,"menu_order":0,"comment_status":"closed","ping_status":"closed","template":"","meta":{"footnotes":""},"class_list":["post-26","page","type-page","status-publish","hentry"],"_links":{"self":[{"href":"https:\/\/www.tws-kahr.at\/index.php?rest_route=\/wp\/v2\/pages\/26","targetHints":{"allow":["GET"]}}],"collection":[{"href":"https:\/\/www.tws-kahr.at\/index.php?rest_route=\/wp\/v2\/pages"}],"about":[{"href":"https:\/\/www.tws-kahr.at\/index.php?rest_route=\/wp\/v2\/types\/page"}],"author":[{"embeddable":true,"href":"https:\/\/www.tws-kahr.at\/index.php?rest_route=\/wp\/v2\/users\/1"}],"replies":[{"embeddable":true,"href":"https:\/\/www.tws-kahr.at\/index.php?rest_route=%2Fwp%2Fv2%2Fcomments&post=26"}],"version-history":[{"count":25,"href":"https:\/\/www.tws-kahr.at\/index.php?rest_route=\/wp\/v2\/pages\/26\/revisions"}],"predecessor-version":[{"id":795,"href":"https:\/\/www.tws-kahr.at\/index.php?rest_route=\/wp\/v2\/pages\/26\/revisions\/795"}],"up":[{"embeddable":true,"href":"https:\/\/www.tws-kahr.at\/index.php?rest_route=\/wp\/v2\/pages\/51"}],"wp:attachment":[{"href":"https:\/\/www.tws-kahr.at\/index.php?rest_route=%2Fwp%2Fv2%2Fmedia&parent=26"}],"curies":[{"name":"wp","href":"https:\/\/api.w.org\/{rel}","templated":true}]}}