{"id":269,"date":"2014-03-11T15:36:49","date_gmt":"2014-03-11T13:36:49","guid":{"rendered":"http:\/\/d18737.ispservices.at\/?page_id=269"},"modified":"2025-08-19T14:28:12","modified_gmt":"2025-08-19T12:28:12","slug":"tischlerei","status":"publish","type":"page","link":"https:\/\/www.tws-kahr.at\/?page_id=269","title":{"rendered":"Tischler:in"},"content":{"rendered":"<h2 style=\"text-align: left;\"><strong>WIR SUCHEN DICH!<\/strong><\/h2>\n<h3><strong>Tischler:in (m\/w\/d)\/Vollzeit\/40h<\/strong><\/h3>\n<h3 style=\"text-align: left;\"><strong>Deine Aufgaben<\/strong><\/h3>\n<ul>\n<li>Du arbeitest in der M\u00f6belproduktion<\/li>\n<li>Du montierst nach der Endfertigung die M\u00f6bel beim Kunden<\/li>\n<li>Du sorgst f\u00fcr die Einhaltung unserer Qualit\u00e4tsvorgaben<\/li>\n<\/ul>\n<h3 style=\"text-align: left;\"><strong>Deine Qualifikation<\/strong><\/h3>\n<ul>\n<li>Du hast eine abgeschlossene Tischlerausbildung (LAP)<\/li>\n<li>Du besitzt eine mehrj\u00e4hrige Berufserfahrung in einer Tischlerei<\/li>\n<li>Du besitzt mindestens einen F\u00fchrerschein Klasse B<\/li>\n<\/ul>\n<h3 style=\"text-align: left;\"><strong>Deine St\u00e4rken<\/strong><\/h3>\n<ul>\n<li>Du \u00fcberzeugst mit Fachwissen und technischen Verst\u00e4ndnis<\/li>\n<li>Du besitzt Liebe zum Detail<\/li>\n<li>Du bist ein Teamplayer, kannst dich aber auch selbst organisieren<\/li>\n<\/ul>\n<h3 style=\"text-align: left;\"><strong>Wir bieten<\/strong><\/h3>\n<ul>\n<li>abwechslungsreiche Aufgaben mit Entwicklungsm\u00f6glichkeit<\/li>\n<li>leistungsgerechte Entlohnung nach KV Lohngruppe II<\/li>\n<li>professionelles Team in einem angenehmen Betriebsklima<\/li>\n<li>sicheren Arbeitsplatz in einem Familienunternehmen<\/li>\n<li>sowie eine leistungsgerechte Entlohnung.<\/li>\n<\/ul>\n<p>Wir freuen uns auf deine Bewerbung!<\/p>\n<p>Sende deine Unterlagen an\u00a0<a href=\"mailto:martina.kahr@tws-kahr.at\">office@tws-kahr.at<\/a><\/p>\n","protected":false},"excerpt":{"rendered":"<p>WIR SUCHEN DICH! Tischler:in (m\/w\/d)\/Vollzeit\/40h Deine Aufgaben Du arbeitest in der M\u00f6belproduktion Du montierst nach der Endfertigung die M\u00f6bel beim Kunden Du sorgst f\u00fcr die Einhaltung unserer Qualit\u00e4tsvorgaben Deine Qualifikation Du hast eine abgeschlossene Tischlerausbildung (LAP) Du besitzt eine mehrj\u00e4hrige Berufserfahrung in einer Tischlerei Du besitzt mindestens einen F\u00fchrerschein Klasse B Deine St\u00e4rken Du \u00fcberzeugst mit Fachwissen und technischen Verst\u00e4ndnis [&hellip;]<\/p>\n","protected":false},"author":1,"featured_media":0,"parent":110,"menu_order":1,"comment_status":"closed","ping_status":"closed","template":"","meta":{"footnotes":""},"class_list":["post-269","page","type-page","status-publish","hentry"],"_links":{"self":[{"href":"https:\/\/www.tws-kahr.at\/index.php?rest_route=\/wp\/v2\/pages\/269","targetHints":{"allow":["GET"]}}],"collection":[{"href":"https:\/\/www.tws-kahr.at\/index.php?rest_route=\/wp\/v2\/pages"}],"about":[{"href":"https:\/\/www.tws-kahr.at\/index.php?rest_route=\/wp\/v2\/types\/page"}],"author":[{"embeddable":true,"href":"https:\/\/www.tws-kahr.at\/index.php?rest_route=\/wp\/v2\/users\/1"}],"replies":[{"embeddable":true,"href":"https:\/\/www.tws-kahr.at\/index.php?rest_route=%2Fwp%2Fv2%2Fcomments&post=269"}],"version-history":[{"count":25,"href":"https:\/\/www.tws-kahr.at\/index.php?rest_route=\/wp\/v2\/pages\/269\/revisions"}],"predecessor-version":[{"id":928,"href":"https:\/\/www.tws-kahr.at\/index.php?rest_route=\/wp\/v2\/pages\/269\/revisions\/928"}],"up":[{"embeddable":true,"href":"https:\/\/www.tws-kahr.at\/index.php?rest_route=\/wp\/v2\/pages\/110"}],"wp:attachment":[{"href":"https:\/\/www.tws-kahr.at\/index.php?rest_route=%2Fwp%2Fv2%2Fmedia&parent=269"}],"curies":[{"name":"wp","href":"https:\/\/api.w.org\/{rel}","templated":true}]}}