{"id":660,"date":"2019-01-17T20:09:31","date_gmt":"2019-01-17T18:09:31","guid":{"rendered":"https:\/\/tws-kahr.at\/?page_id=660"},"modified":"2019-01-18T10:24:52","modified_gmt":"2019-01-18T08:24:52","slug":"kontaktformular","status":"publish","type":"page","link":"https:\/\/www.tws-kahr.at\/?page_id=660","title":{"rendered":"Kontaktformular"},"content":{"rendered":"[spb_text_block pb_margin_bottom=&#8220;no&#8220; pb_border_bottom=&#8220;no&#8220; width=&#8220;1\/1&#8243; el_position=&#8220;first last&#8220;]\n<h2>Bestellformular<\/h2>\n<p>F\u00fcr Bestellungen und Anfragen f\u00fcllen Sie bitte unser Formular aus. Wir melden uns in K\u00fcrze bei Ihnen. Vielen Dank!<\/p>\n[\/spb_text_block] [spb_text_block pb_margin_bottom=&#8220;no&#8220; pb_border_bottom=&#8220;no&#8220; width=&#8220;1\/1&#8243; el_position=&#8220;first last&#8220;]\n\n<div class=\"wpcf7 no-js\" id=\"wpcf7-f687-o1\" lang=\"de-DE\" dir=\"ltr\" data-wpcf7-id=\"687\">\n<div class=\"screen-reader-response\"><p role=\"status\" aria-live=\"polite\" aria-atomic=\"true\"><\/p> <ul><\/ul><\/div>\n<form action=\"\/index.php?rest_route=%2Fwp%2Fv2%2Fpages%2F660#wpcf7-f687-o1\" method=\"post\" class=\"wpcf7-form init\" aria-label=\"Kontaktformular\" novalidate=\"novalidate\" data-status=\"init\">\n<fieldset class=\"hidden-fields-container\"><input type=\"hidden\" name=\"_wpcf7\" value=\"687\" \/><input type=\"hidden\" name=\"_wpcf7_version\" value=\"6.1.2\" \/><input type=\"hidden\" name=\"_wpcf7_locale\" value=\"de_DE\" \/><input type=\"hidden\" name=\"_wpcf7_unit_tag\" value=\"wpcf7-f687-o1\" \/><input type=\"hidden\" name=\"_wpcf7_container_post\" value=\"0\" \/><input type=\"hidden\" name=\"_wpcf7_posted_data_hash\" value=\"\" \/><input type=\"hidden\" name=\"_wpcf7_recaptcha_response\" value=\"\" \/>\n<\/fieldset>\n<p> Dein Name (Pflichtfeld)<br \/>\n<span class=\"wpcf7-form-control-wrap\" data-name=\"your-name\"><input size=\"40\" maxlength=\"400\" class=\"wpcf7-form-control wpcf7-text wpcf7-validates-as-required\" aria-required=\"true\" aria-invalid=\"false\" value=\"\" type=\"text\" name=\"your-name\" \/><\/span>\n<\/p>\n<p> Deine E-Mail-Adresse (Pflichtfeld)<br \/>\n<span class=\"wpcf7-form-control-wrap\" data-name=\"your-email\"><input size=\"40\" maxlength=\"400\" class=\"wpcf7-form-control wpcf7-email wpcf7-validates-as-required wpcf7-text wpcf7-validates-as-email\" aria-required=\"true\" aria-invalid=\"false\" value=\"\" type=\"email\" name=\"your-email\" \/><\/span>\n<\/p>\n<p> Betreff<br \/>\n<span class=\"wpcf7-form-control-wrap\" data-name=\"your-subject\"><input size=\"40\" maxlength=\"400\" class=\"wpcf7-form-control wpcf7-text\" aria-invalid=\"false\" value=\"\" type=\"text\" name=\"your-subject\" \/><\/span>\n<\/p>\n<p> Produkt ausw\u00e4hlen<br \/>\n<span class=\"wpcf7-form-control-wrap\" data-name=\"menu-622\"><select class=\"wpcf7-form-control wpcf7-select wpcf7-validates-as-required\" aria-required=\"true\" aria-invalid=\"false\" multiple=\"multiple\" name=\"menu-622[]\"><option value=\"Brotkisterl\">Brotkisterl<\/option><option value=\"K\u00e4sebrettl\">K\u00e4sebrettl<\/option><option value=\"Steira-Jausenbrettl\">Steira-Jausenbrettl<\/option><option value=\"Austria-Jausenbrettl\">Austria-Jausenbrettl<\/option><option value=\"Duftw\u00fcrfel\">Duftw\u00fcrfel<\/option><option value=\"Deko-Sternderl\">Deko-Sternderl<\/option><option value=\"Deko-Herzerl\">Deko-Herzerl<\/option><option value=\"Herzbinkerl mit   Echtleder\">Herzbinkerl mit   Echtleder<\/option><option value=\"Herzbinkerl mit Loden\">Herzbinkerl mit Loden<\/option><option value=\"Zirbenpolsterl - Karomuster rot\">Zirbenpolsterl - Karomuster rot<\/option><option value=\"Zirbenpolsterl - Karomuster grau\">Zirbenpolsterl - Karomuster grau<\/option><option value=\"Zirbenpolsterl - Bl\u00fcmchen Polsterl\">Zirbenpolsterl - Bl\u00fcmchen Polsterl<\/option><option value=\"Zirbenpolsterl - Karomuster Ausseer Polsterl\">Zirbenpolsterl - Karomuster Ausseer Polsterl<\/option><\/select><\/span>\n<\/p>\n<p> Deine Nachricht<br \/>\n<span class=\"wpcf7-form-control-wrap\" data-name=\"your-message\"><textarea cols=\"40\" rows=\"10\" maxlength=\"2000\" class=\"wpcf7-form-control wpcf7-textarea\" aria-invalid=\"false\" name=\"your-message\"><\/textarea><\/span>\n<\/p>\n<p><input class=\"wpcf7-form-control wpcf7-submit has-spinner\" type=\"submit\" value=\"Senden\" \/>\n<\/p><div class=\"wpcf7-response-output\" aria-hidden=\"true\"><\/div>\n<\/form>\n<\/div>\n\n[\/spb_text_block]\n","protected":false},"excerpt":{"rendered":"<p>[spb_text_block pb_margin_bottom=&#8220;no&#8220; pb_border_bottom=&#8220;no&#8220; width=&#8220;1\/1&#8243; el_position=&#8220;first last&#8220;] Bestellformular F\u00fcr Bestellungen und Anfragen f\u00fcllen Sie bitte unser Formular aus. Wir melden uns in K\u00fcrze bei Ihnen. Vielen Dank! [\/spb_text_block] [spb_text_block pb_margin_bottom=&#8220;no&#8220; pb_border_bottom=&#8220;no&#8220; width=&#8220;1\/1&#8243; el_position=&#8220;first last&#8220;] [\/spb_text_block]<\/p>\n","protected":false},"author":1,"featured_media":0,"parent":0,"menu_order":0,"comment_status":"closed","ping_status":"closed","template":"","meta":{"footnotes":""},"class_list":["post-660","page","type-page","status-publish","hentry"],"_links":{"self":[{"href":"https:\/\/www.tws-kahr.at\/index.php?rest_route=\/wp\/v2\/pages\/660","targetHints":{"allow":["GET"]}}],"collection":[{"href":"https:\/\/www.tws-kahr.at\/index.php?rest_route=\/wp\/v2\/pages"}],"about":[{"href":"https:\/\/www.tws-kahr.at\/index.php?rest_route=\/wp\/v2\/types\/page"}],"author":[{"embeddable":true,"href":"https:\/\/www.tws-kahr.at\/index.php?rest_route=\/wp\/v2\/users\/1"}],"replies":[{"embeddable":true,"href":"https:\/\/www.tws-kahr.at\/index.php?rest_route=%2Fwp%2Fv2%2Fcomments&post=660"}],"version-history":[{"count":3,"href":"https:\/\/www.tws-kahr.at\/index.php?rest_route=\/wp\/v2\/pages\/660\/revisions"}],"predecessor-version":[{"id":688,"href":"https:\/\/www.tws-kahr.at\/index.php?rest_route=\/wp\/v2\/pages\/660\/revisions\/688"}],"wp:attachment":[{"href":"https:\/\/www.tws-kahr.at\/index.php?rest_route=%2Fwp%2Fv2%2Fmedia&parent=660"}],"curies":[{"name":"wp","href":"https:\/\/api.w.org\/{rel}","templated":true}]}}