{"id":70,"date":"2014-01-14T11:47:45","date_gmt":"2014-01-14T09:47:45","guid":{"rendered":"http:\/\/www.worldgrafx-music.de\/?page_id=70"},"modified":"2019-08-02T10:55:50","modified_gmt":"2019-08-02T08:55:50","slug":"trachten-und-lifestyletasche","status":"publish","type":"page","link":"https:\/\/www.tws-kahr.at\/?page_id=70","title":{"rendered":"Shop"},"content":{"rendered":"[spb_text_block pb_margin_bottom=&#8220;no&#8220; pb_border_bottom=&#8220;no&#8220; width=&#8220;1\/1&#8243; el_position=&#8220;first last&#8220;]\n<h3>100% Naturholz aus \u00d6sterreich<\/h3>\n<p>Je nach Verf\u00fcgbarkeit und Qualit\u00e4t beziehen wir unser Zirbenholz ausschlie\u00dflich aus unserer Heimat \u00d6sterreich mit zertifizierter und nachhaltiger Waldbewirtschaftung. Bei all unseren Produkten finden Sie feingeschliffene unbehandelte Oberfl\u00e4chen, die den wohltuenden aromatischen Duft der Zirbe an die Oberfl\u00e4che bringt.<\/p>\n[\/spb_text_block] [spb_column width=&#8220;1\/2&#8243; el_position=&#8220;first&#8220;] [spb_single_image image=&#8220;623&#8243; image_size=&#8220;full&#8220; frame=&#8220;noframe&#8220; intro_animation=&#8220;none&#8220; full_width=&#8220;yes&#8220; lightbox=&#8220;yes&#8220; link_target=&#8220;_self&#8220; width=&#8220;1\/1&#8243; el_position=&#8220;first last&#8220;] [spb_text_block pb_margin_bottom=&#8220;no&#8220; pb_border_bottom=&#8220;no&#8220; width=&#8220;1\/1&#8243; el_position=&#8220;first last&#8220;]\n<h2 style=\"margin-top: -15px;\">Brotkisterl aus Zirbenholz \u20ac 145,00<\/h2>\n<p>Ideale Aufbewahrung f\u00fcr Brot und Geb\u00e4ck<br \/>\nAntibakterielle Wirkung<br \/>\nMa\u00dfe B45xT24xH18cm<br \/>\nDie antibakterielle Wirkung der Zirbe bewirkt, dass Brot und Geb\u00e4ck l\u00e4nger frisch bleibt und keinen Schimmel zur Folge hat.<br \/>\n<a class=\"btn\" href=\"https:\/\/tws-kahr.at\/?page_id=660\" target=\"_self\">Jetzt bestellen<\/a><\/p>\n[\/spb_text_block] [\/spb_column] [spb_column width=&#8220;1\/2&#8243; el_position=&#8220;last&#8220;] [spb_single_image image=&#8220;622&#8243; image_size=&#8220;full&#8220; frame=&#8220;noframe&#8220; intro_animation=&#8220;none&#8220; full_width=&#8220;yes&#8220; lightbox=&#8220;yes&#8220; link_target=&#8220;_self&#8220; width=&#8220;1\/1&#8243; el_position=&#8220;first last&#8220;] [spb_text_block pb_margin_bottom=&#8220;no&#8220; pb_border_bottom=&#8220;no&#8220; width=&#8220;1\/1&#8243; el_position=&#8220;first last&#8220;]\n<h2 style=\"margin-top: -15px;\">K\u00e4sebrettl aus Zirbenholz \u20ac 30,00<\/h2>\n<p>Antibakterielle Wirkung<br \/>\nMa\u00dfe 33x16cm<br \/>\n<a class=\"btn\" href=\"https:\/\/tws-kahr.at\/?page_id=660\" target=\"_self\">Jetzt bestellen<\/a><\/p>\n[\/spb_text_block] [\/spb_column] [divider type=&#8220;thin&#8220; text=&#8220;Go to top&#8220; full_width=&#8220;no&#8220; width=&#8220;1\/1&#8243; el_position=&#8220;first last&#8220;] [spb_column width=&#8220;1\/2&#8243; el_position=&#8220;first&#8220;] [spb_single_image image=&#8220;624&#8243; image_size=&#8220;full&#8220; frame=&#8220;noframe&#8220; intro_animation=&#8220;none&#8220; full_width=&#8220;yes&#8220; lightbox=&#8220;yes&#8220; link_target=&#8220;_self&#8220; width=&#8220;1\/1&#8243; el_position=&#8220;first last&#8220;] [spb_text_block pb_margin_bottom=&#8220;no&#8220; pb_border_bottom=&#8220;no&#8220; width=&#8220;1\/1&#8243; el_position=&#8220;first last&#8220;]\n<h2 style=\"margin-top: -15px;\">Steira-Jausenbrettl aus Zirbenholz \u20ac 35,00<\/h2>\n<p>Antibakterielle Wirkung, verleimt mit Saftrinne<br \/>\nMa\u00dfe 31,5&#215;25,5cm<br \/>\n<a class=\"btn\" href=\"https:\/\/tws-kahr.at\/?page_id=660\" target=\"_self\">Jetzt bestellen<\/a><\/p>\n[\/spb_text_block] [\/spb_column] [spb_column width=&#8220;1\/2&#8243; el_position=&#8220;last&#8220;] [spb_single_image image=&#8220;625&#8243; image_size=&#8220;full&#8220; frame=&#8220;noframe&#8220; intro_animation=&#8220;none&#8220; full_width=&#8220;yes&#8220; lightbox=&#8220;yes&#8220; link_target=&#8220;_self&#8220; width=&#8220;1\/1&#8243; el_position=&#8220;first last&#8220;] [spb_text_block pb_margin_bottom=&#8220;no&#8220; pb_border_bottom=&#8220;no&#8220; width=&#8220;1\/1&#8243; el_position=&#8220;first last&#8220;]\n<h2 style=\"margin-top: -15px;\">Austria-Jausenbrettl \u20ac 35,00<\/h2>\n<p>Antibakterielle Wirkung<br \/>\nMa\u00dfe 36x19cm<br \/>\n<a class=\"btn\" href=\"https:\/\/tws-kahr.at\/?page_id=660\" target=\"_self\">Jetzt bestellen<\/a><\/p>\n[\/spb_text_block] [\/spb_column] [divider type=&#8220;thin&#8220; text=&#8220;Go to top&#8220; full_width=&#8220;no&#8220; width=&#8220;1\/1&#8243; el_position=&#8220;first last&#8220;] [spb_column width=&#8220;1\/2&#8243; el_position=&#8220;first&#8220;] [spb_single_image image=&#8220;621&#8243; image_size=&#8220;full&#8220; frame=&#8220;noframe&#8220; intro_animation=&#8220;none&#8220; full_width=&#8220;yes&#8220; lightbox=&#8220;yes&#8220; link_target=&#8220;_self&#8220; width=&#8220;1\/1&#8243; el_position=&#8220;first last&#8220;] [spb_text_block pb_margin_bottom=&#8220;no&#8220; pb_border_bottom=&#8220;no&#8220; width=&#8220;1\/1&#8243; el_position=&#8220;first last&#8220;]\n<h2 style=\"margin-top: -15px;\">Duftw\u00fcrfel mit 100% naturreinem \u00e4therischem \u00d6l und Zirbensp\u00e4ne \u20ac 35,00<\/h2>\n<p>Waldduft f\u00fcr ihr Zuhause<br \/>\nMa\u00dfe 10x10x10cm<br \/>\n<a class=\"btn\" href=\"https:\/\/tws-kahr.at\/?page_id=660\" target=\"_self\">Jetzt bestellen<\/a><\/p>\n[\/spb_text_block] [\/spb_column] [spb_column width=&#8220;1\/2&#8243; el_position=&#8220;last&#8220;] [spb_single_image image=&#8220;626&#8243; image_size=&#8220;full&#8220; frame=&#8220;noframe&#8220; intro_animation=&#8220;none&#8220; full_width=&#8220;yes&#8220; lightbox=&#8220;yes&#8220; link_target=&#8220;_self&#8220; width=&#8220;1\/1&#8243; el_position=&#8220;first last&#8220;] [spb_text_block pb_margin_bottom=&#8220;no&#8220; pb_border_bottom=&#8220;no&#8220; width=&#8220;1\/1&#8243; el_position=&#8220;first last&#8220;]\n<h2 style=\"margin-top: -15px;\">Deko-Sternderl aus Zirbenholz \u20ac 15,00<\/h2>\n<p>Ma\u00dfe Durchmesser 10cm<br \/>\n<a class=\"btn\" href=\"https:\/\/tws-kahr.at\/?page_id=660\" target=\"_self\">Jetzt bestellen<\/a><\/p>\n[\/spb_text_block] [\/spb_column] [divider type=&#8220;thin&#8220; text=&#8220;Go to top&#8220; full_width=&#8220;no&#8220; width=&#8220;1\/1&#8243; el_position=&#8220;first last&#8220;] [spb_column width=&#8220;1\/2&#8243; el_position=&#8220;first&#8220;] [spb_single_image image=&#8220;627&#8243; image_size=&#8220;full&#8220; frame=&#8220;noframe&#8220; intro_animation=&#8220;none&#8220; full_width=&#8220;yes&#8220; lightbox=&#8220;yes&#8220; link_target=&#8220;_self&#8220; width=&#8220;1\/1&#8243; el_position=&#8220;first last&#8220;] [spb_text_block pb_margin_bottom=&#8220;no&#8220; pb_border_bottom=&#8220;no&#8220; width=&#8220;1\/1&#8243; el_position=&#8220;first last&#8220;]\n<h2 style=\"margin-top: -15px;\">Deko-Herzerl aus Zirbenholz \u20ac 15,00<\/h2>\n<p>Ma\u00dfe 14,5&#215;16,5cm<br \/>\n<a class=\"btn\" href=\"https:\/\/tws-kahr.at\/?page_id=660\" target=\"_self\">Jetzt bestellen<\/a><\/p>\n[\/spb_text_block] [\/spb_column] [spb_column width=&#8220;1\/2&#8243; el_position=&#8220;last&#8220;] [spb_single_image image=&#8220;629&#8243; image_size=&#8220;full&#8220; frame=&#8220;noframe&#8220; intro_animation=&#8220;none&#8220; full_width=&#8220;yes&#8220; lightbox=&#8220;yes&#8220; link_target=&#8220;_self&#8220; width=&#8220;1\/1&#8243; el_position=&#8220;first last&#8220;] [spb_text_block pb_margin_bottom=&#8220;no&#8220; pb_border_bottom=&#8220;no&#8220; width=&#8220;1\/1&#8243; el_position=&#8220;first last&#8220;]\n<h2 style=\"margin-top: -15px;\">Herzbinkerl mit Echtleder und Erlenherz als Verschluss best\u00fcckt \u20ac 180,00<\/h2>\n<p>Lifestyle- und Trachtentasche aus heimischen Nussholz mit Echtleder tapeziert<br \/>\n<a class=\"btn\" href=\"https:\/\/tws-kahr.at\/?page_id=660\" target=\"_self\">Jetzt bestellen<\/a><\/p>\n[\/spb_text_block] [\/spb_column] [divider type=&#8220;thin&#8220; text=&#8220;Go to top&#8220; full_width=&#8220;no&#8220; width=&#8220;1\/1&#8243; el_position=&#8220;first last&#8220;] [spb_column width=&#8220;1\/2&#8243; el_position=&#8220;first&#8220;] [spb_single_image image=&#8220;628&#8243; image_size=&#8220;full&#8220; frame=&#8220;noframe&#8220; intro_animation=&#8220;none&#8220; full_width=&#8220;yes&#8220; lightbox=&#8220;yes&#8220; link_target=&#8220;_self&#8220; width=&#8220;1\/1&#8243; el_position=&#8220;first last&#8220;] [spb_text_block pb_margin_bottom=&#8220;no&#8220; pb_border_bottom=&#8220;no&#8220; width=&#8220;1\/1&#8243; el_position=&#8220;first last&#8220;]\n<h2 style=\"margin-top: -15px;\">Herzbinkerl mit Loden tapeziert mit Zirbenherz als Verschluss best\u00fcckt \u20ac 190,00<\/h2>\n<p>Lifestyle- und Trachtentasche aus heimischen Eichenholz mit Loden tapeziert<br \/>\n<a class=\"btn\" href=\"https:\/\/tws-kahr.at\/?page_id=660\" target=\"_self\">Jetzt bestellen<\/a><\/p>\n[\/spb_text_block] [\/spb_column] [spb_column width=&#8220;1\/2&#8243; el_position=&#8220;last&#8220;] [spb_single_image image=&#8220;726&#8243; image_size=&#8220;full&#8220; frame=&#8220;noframe&#8220; intro_animation=&#8220;none&#8220; full_width=&#8220;yes&#8220; lightbox=&#8220;yes&#8220; link_target=&#8220;_self&#8220; width=&#8220;1\/1&#8243; el_position=&#8220;first last&#8220;] [spb_text_block pb_margin_bottom=&#8220;no&#8220; pb_border_bottom=&#8220;no&#8220; width=&#8220;1\/1&#8243; el_position=&#8220;first last&#8220;]\n<h2 style=\"margin-top: -15px;\">Zirbenpolsterl mit Zirbensp\u00e4nef\u00fcllung \u2013 diverse Dekore \u20ac 18,00<\/h2>\n<p>Duftende Zirbensp\u00e4ne f\u00fcr einen erholsamen Schlaf &#8211; Ma\u00dfe 30x20cm<\/p>\n<p>W\u00e4hlen Sie ein Lieblingsdekor aus:<\/p>\n<ul>\n<li>Karomuster rot<\/li>\n<li>Karomuster grau<\/li>\n<li>Bl\u00fcmchen Polsterl<\/li>\n<li>Ausseer Polsterl<\/li>\n<\/ul>\n<p><a class=\"btn\" href=\"https:\/\/tws-kahr.at\/?page_id=660\" target=\"_self\">Jetzt bestellen<\/a><\/p>\n[\/spb_text_block] [\/spb_column]<\/p>\n","protected":false},"excerpt":{"rendered":"<p>[spb_text_block pb_margin_bottom=&#8220;no&#8220; pb_border_bottom=&#8220;no&#8220; width=&#8220;1\/1&#8243; el_position=&#8220;first last&#8220;] 100% Naturholz aus \u00d6sterreich Je nach Verf\u00fcgbarkeit und Qualit\u00e4t beziehen wir unser Zirbenholz ausschlie\u00dflich aus unserer Heimat \u00d6sterreich mit zertifizierter und nachhaltiger Waldbewirtschaftung. Bei all unseren Produkten finden Sie feingeschliffene unbehandelte Oberfl\u00e4chen, die den wohltuenden aromatischen Duft der Zirbe an die Oberfl\u00e4che bringt. [\/spb_text_block] [spb_column width=&#8220;1\/2&#8243; el_position=&#8220;first&#8220;] [spb_single_image image=&#8220;623&#8243; image_size=&#8220;full&#8220; frame=&#8220;noframe&#8220; intro_animation=&#8220;none&#8220; full_width=&#8220;yes&#8220; lightbox=&#8220;yes&#8220; [&hellip;]<\/p>\n","protected":false},"author":1,"featured_media":724,"parent":24,"menu_order":0,"comment_status":"closed","ping_status":"closed","template":"","meta":{"footnotes":""},"class_list":["post-70","page","type-page","status-publish","has-post-thumbnail","hentry"],"_links":{"self":[{"href":"https:\/\/www.tws-kahr.at\/index.php?rest_route=\/wp\/v2\/pages\/70","targetHints":{"allow":["GET"]}}],"collection":[{"href":"https:\/\/www.tws-kahr.at\/index.php?rest_route=\/wp\/v2\/pages"}],"about":[{"href":"https:\/\/www.tws-kahr.at\/index.php?rest_route=\/wp\/v2\/types\/page"}],"author":[{"embeddable":true,"href":"https:\/\/www.tws-kahr.at\/index.php?rest_route=\/wp\/v2\/users\/1"}],"replies":[{"embeddable":true,"href":"https:\/\/www.tws-kahr.at\/index.php?rest_route=%2Fwp%2Fv2%2Fcomments&post=70"}],"version-history":[{"count":46,"href":"https:\/\/www.tws-kahr.at\/index.php?rest_route=\/wp\/v2\/pages\/70\/revisions"}],"predecessor-version":[{"id":730,"href":"https:\/\/www.tws-kahr.at\/index.php?rest_route=\/wp\/v2\/pages\/70\/revisions\/730"}],"up":[{"embeddable":true,"href":"https:\/\/www.tws-kahr.at\/index.php?rest_route=\/wp\/v2\/pages\/24"}],"wp:featuredmedia":[{"embeddable":true,"href":"https:\/\/www.tws-kahr.at\/index.php?rest_route=\/wp\/v2\/media\/724"}],"wp:attachment":[{"href":"https:\/\/www.tws-kahr.at\/index.php?rest_route=%2Fwp%2Fv2%2Fmedia&parent=70"}],"curies":[{"name":"wp","href":"https:\/\/api.w.org\/{rel}","templated":true}]}}